{"id":1179,"date":"2023-11-01T20:55:09","date_gmt":"2023-11-01T20:55:09","guid":{"rendered":"http:\/\/biblioteca.ajusco.upn.mx\/wp4-upn\/?page_id=1179"},"modified":"2026-03-17T20:18:28","modified_gmt":"2026-03-17T20:18:28","slug":"catalogos-de-bibliotecas-2","status":"publish","type":"page","link":"http:\/\/biblioteca.ajusco.upn.mx\/index.php\/catalogos-de-bibliotecas-2\/","title":{"rendered":"Cat\u00e1logos de Bibliotecas"},"content":{"rendered":"<p>[et_pb_section fb_built=&#8221;1&#8243; _builder_version=&#8221;4.22.1&#8243; _module_preset=&#8221;default&#8221; global_colors_info=&#8221;{}&#8221;][et_pb_row column_structure=&#8221;3_5,2_5&#8243; _builder_version=&#8221;4.22.1&#8243; _module_preset=&#8221;default&#8221; global_colors_info=&#8221;{}&#8221;][et_pb_column type=&#8221;3_5&#8243; _builder_version=&#8221;4.22.1&#8243; _module_preset=&#8221;default&#8221; global_colors_info=&#8221;{}&#8221;][et_pb_text _builder_version=&#8221;4.22.1&#8243; _module_preset=&#8221;default&#8221; header_font=&#8221;|300|||||||&#8221; header_text_color=&#8221;#344a6b&#8221; header_font_size=&#8221;84px&#8221; global_colors_info=&#8221;{}&#8221;]<\/p>\n<h1>Cat\u00e1logos de bibliotecas<\/h1>\n<p>[\/et_pb_text][et_pb_text _builder_version=&#8221;4.24.2&#8243; _module_preset=&#8221;default&#8221; text_font=&#8221;|300|||||||&#8221; text_text_color=&#8221;#344a6b&#8221; global_colors_info=&#8221;{}&#8221;]<\/p>\n<p style=\"text-align: left;\">Cat\u00e1logos al p\u00fablico de las principales bibliotecas con las que tenemos convenio de pr\u00e9stamo interbibliotecario.<\/p>\n<p>[\/et_pb_text][et_pb_text _builder_version=&#8221;4.24.2&#8243; _module_preset=&#8221;default&#8221; text_font=&#8221;|300|||||||&#8221; text_text_color=&#8221;#344a6b&#8221; global_colors_info=&#8221;{}&#8221;]<\/p>\n<p style=\"text-align: justify;\"><strong>Busca un cat\u00e1logo al p\u00fablico: <\/strong><a href=\"https:\/\/search.worldcat.org\/es\" target=\"_blank\" rel=\"noopener\">WorldCat<\/a> | <a href=\"https:\/\/www.flacso.edu.mx\/biblioteca\/\" target=\"_blank\" rel=\"noopener\">FLACSO<\/a> |\u00a0<a href=\"https:\/\/biblioteca.colmex.mx\/\" target=\"_blank\" rel=\"noopener\">El Colegio de M\u00e9xico<\/a> | <a href=\"http:\/\/cises.anuies.mx\/\" target=\"_blank\" rel=\"noopener\">Asociaci\u00f3n Nacional de Universidades e Instituciones de Educaci\u00f3n Superior<\/a> | <a href=\"https:\/\/www.bibliotecacentral.unam.mx\/\" target=\"_blank\" rel=\"noopener\">Biblioteca Central UNAM<\/a> | <a href=\"https:\/\/fp.bibliotecas.unam.mx\/\" target=\"_blank\" rel=\"noopener\">Facultad de Psicolog\u00eda UNAM<\/a> | <a href=\"http:\/\/biblioteca.filos.unam.mx\/\" target=\"_blank\" rel=\"noopener\">Facultad de Filosof\u00eda y Lestras UNAM<\/a> | <a href=\"https:\/\/www.inali.gob.mx\/\" target=\"_blank\" rel=\"noopener\">Instituto Nacional de Lenguas Ind\u00edgenas<\/a> | <a href=\"http:\/\/sb3.csb.cinvestav.mx\/uhtbin\/cgisirsi\/Thu+Apr+23+12:51:10+CDT+2009\/SIRSI\/0\/49\" target=\"_blank\" rel=\"noopener\">Departamento de Investigaciones Educativas<\/a> | <a href=\"https:\/\/iibi.bibliotecas.unam.mx\/\" target=\"_blank\" rel=\"noopener\">Instituto de Investigaciones Bibliotecol\u00f3gicas y de la Informaci\u00f3n<\/a> | <a href=\"https:\/\/cieg.bibliotecas.unam.mx\/\" target=\"_blank\" rel=\"noopener\">Centro de Investigaciones y Estudios de G\u00e9nero UNAM<\/a> | <a href=\"https:\/\/iisue.bibliotecas.unam.mx\/\" target=\"_blank\" rel=\"noopener\">Instituto de Investigaciones sobre la Universidad y la Educaci\u00f3n UNAM<\/a><\/p>\n<p>[\/et_pb_text][\/et_pb_column][et_pb_column type=&#8221;2_5&#8243; _builder_version=&#8221;4.22.1&#8243; _module_preset=&#8221;default&#8221; global_colors_info=&#8221;{}&#8221;][et_pb_icon font_icon=&#8221;&#xf2b9;||fa||900&#8243; icon_color=&#8221;#0062ff&#8221; icon_width=&#8221;150px&#8221; _builder_version=&#8221;4.24.2&#8243; _module_preset=&#8221;default&#8221; global_colors_info=&#8221;{}&#8221;][\/et_pb_icon][et_pb_text _builder_version=&#8221;4.24.2&#8243; _module_preset=&#8221;default&#8221; text_font=&#8221;|300|||||||&#8221; text_text_color=&#8221;#344a6b&#8221; global_colors_info=&#8221;{}&#8221;]<\/p>\n<p>Si no encuentras el cat\u00e1logo de tu preferencia, accede a <a href=\"http:\/\/biblioteca.ajusco.upn.mx\/index.php\/bibliotecas-convenio\/\"><strong>este enlace<\/strong><\/a> para ver muchos m\u00e1s.<\/p>\n<p>[\/et_pb_text][et_pb_text _builder_version=&#8221;4.24.2&#8243; _module_preset=&#8221;default&#8221; text_font=&#8221;|300|||||||&#8221; text_text_color=&#8221;#344a6b&#8221; global_colors_info=&#8221;{}&#8221;]<\/p>\n<ul>\n<li style=\"list-style-type: none;\">\n<ul>\n<li style=\"list-style-type: none;\">\n<ul>\n<li>Si te interesa solicitar un documento en pr\u00e9stamo interbibliotecario, da <a href=\"http:\/\/biblioteca.ajusco.upn.mx\/index.php\/solicitud-de-prestamo-interbibliotecario\/\"><strong>clic aqu\u00ed<\/strong><\/a>.<\/li>\n<\/ul>\n<\/li>\n<\/ul>\n<\/li>\n<\/ul>\n<p>[\/et_pb_text][dipl_modal modal_id=&#8221;CB-01&#8243; trigger_button_text=&#8221;\u00bfC\u00f3mo solicitar un pr\u00e9stamo interbibliotecario?&#8221; modal_title=&#8221;R.&#8221; close_button_text=&#8221;Cerrar&#8221; modal_header_bg_color=&#8221;#0e50de&#8221; modal_close_icon_color=&#8221;#ffffff&#8221; modal_position=&#8221;bottom_right&#8221; _builder_version=&#8221;4.24.2&#8243; _module_preset=&#8221;default&#8221; modal_title_text_font=&#8221;|300|||||||&#8221; modal_title_text_text_color=&#8221;#FFFFFF&#8221; custom_trigger_button=&#8221;on&#8221; trigger_button_text_size=&#8221;13px&#8221; trigger_button_text_color=&#8221;#FFFFFF&#8221; trigger_button_bg_color=&#8221;#0e50de&#8221; trigger_button_border_radius=&#8221;5px&#8221; custom_close_button=&#8221;on&#8221; close_button_text_size=&#8221;13px&#8221; close_button_text_color=&#8221;#FFFFFF&#8221; close_button_bg_color=&#8221;#0e50de&#8221; modal_width=&#8221;30%&#8221; global_colors_info=&#8221;{}&#8221;]<\/p>\n<ol>\n<li>Realiza una b\u00fasqueda en los diversos <strong>cat\u00e1logos<\/strong> que te ofrecemos.<\/li>\n<li>Identifica los siguientes datos del material de tu inter\u00e9s:\n<ul>\n<li style=\"list-style-type: none;\">\n<ul>\n<li style=\"list-style-type: none;\">\n<ul>\n<li><strong>Titulo<\/strong><\/li>\n<li><strong>Autor (es)<\/strong><\/li>\n<li><strong>Lugar y fecha de publicaci\u00f3n<\/strong><\/li>\n<li><strong>Editorial<\/strong><\/li>\n<li><strong>ISBN<\/strong><\/li>\n<li><strong>Clasificaci\u00f3n<\/strong><\/li>\n<li><strong>Nombre de la biblioteca de procedencia<\/strong><\/li>\n<\/ul>\n<\/li>\n<\/ul>\n<\/li>\n<\/ul>\n<\/li>\n<li>Llena <strong>est\u00e9 formulario<\/strong> con los datos anteriores y env\u00edalo.<\/li>\n<\/ol>\n<p><span style=\"color: #510dde;\">Al llenar el formulario ten a la mano tu matr\u00edcula o RFC y tu correo electr\u00f3nico institucional.<\/span><\/p>\n<p>[\/dipl_modal][\/et_pb_column][\/et_pb_row][et_pb_row column_structure=&#8221;1_4,1_4,1_4,1_4&#8243; _builder_version=&#8221;4.22.1&#8243; _module_preset=&#8221;default&#8221; global_colors_info=&#8221;{}&#8221;][et_pb_column type=&#8221;1_4&#8243; _builder_version=&#8221;4.22.1&#8243; _module_preset=&#8221;default&#8221; global_colors_info=&#8221;{}&#8221;][dipl_image_card title=&#8221;El Colegio de M\u00e9xico&#8221; image=&#8221;http:\/\/biblioteca.ajusco.upn.mx\/wp-content\/uploads\/2023\/11\/elcolegiodemexicoBiblioteca.jpg&#8221; show_button=&#8221;on&#8221; button_text=&#8221;Acceder&#8221; button_url=&#8221;https:\/\/biblioteca.colmex.mx\/&#8221; button_url_new_window=&#8221;on&#8221; _builder_version=&#8221;4.27.5&#8243; _module_preset=&#8221;default&#8221; title_font=&#8221;|300||on|||||&#8221; title_text_color=&#8221;#0d91de&#8221; title_letter_spacing=&#8221;7px&#8221; custom_button=&#8221;on&#8221; button_text_size=&#8221;13px&#8221; button_text_color=&#8221;#FFFFFF&#8221; button_bg_color=&#8221;#0d91de&#8221; button_border_radius=&#8221;5px&#8221; hover_enabled=&#8221;0&#8243; global_colors_info=&#8221;{}&#8221; title_text=&#8221;elcolegiodemexicoBiblioteca&#8221; sticky_enabled=&#8221;0&#8243;][\/dipl_image_card][\/et_pb_column][et_pb_column type=&#8221;1_4&#8243; _builder_version=&#8221;4.22.1&#8243; _module_preset=&#8221;default&#8221; global_colors_info=&#8221;{}&#8221;][dipl_image_card title=&#8221;FLACSO&#8221; image=&#8221;http:\/\/200.23.113.40\/wp-content\/uploads\/2025\/03\/bibliotecaFLACSO2.jpg&#8221; show_button=&#8221;on&#8221; button_text=&#8221;Acceder&#8221; button_url=&#8221;https:\/\/www.flacso.edu.mx\/biblioteca\/&#8221; button_url_new_window=&#8221;on&#8221; _builder_version=&#8221;4.24.2&#8243; _module_preset=&#8221;default&#8221; title_font=&#8221;|300||on|||||&#8221; title_text_color=&#8221;#0e50de&#8221; title_letter_spacing=&#8221;7px&#8221; custom_button=&#8221;on&#8221; button_text_size=&#8221;13px&#8221; button_text_color=&#8221;#FFFFFF&#8221; button_bg_color=&#8221;#0e50de&#8221; button_border_radius=&#8221;5px&#8221; global_colors_info=&#8221;{}&#8221;][\/dipl_image_card][\/et_pb_column][et_pb_column type=&#8221;1_4&#8243; _builder_version=&#8221;4.22.1&#8243; _module_preset=&#8221;default&#8221; global_colors_info=&#8221;{}&#8221;][dipl_image_card title=&#8221;Asociaci\u00f3n Nacional de Universidades e Instituciones de Educaci\u00f3n Superior&#8221; image=&#8221;http:\/\/biblioteca.ajusco.upn.mx\/wp-content\/uploads\/2023\/11\/anuisBiblioteca.jpg&#8221; show_button=&#8221;on&#8221; button_text=&#8221;Acceder&#8221; button_url=&#8221;http:\/\/cises.anuies.mx\/&#8221; button_url_new_window=&#8221;on&#8221; _builder_version=&#8221;4.27.5&#8243; _module_preset=&#8221;default&#8221; title_font=&#8221;|300||on|||||&#8221; title_text_color=&#8221;#0d0dde&#8221; custom_button=&#8221;on&#8221; button_text_size=&#8221;13px&#8221; button_text_color=&#8221;#FFFFFF&#8221; button_bg_color=&#8221;#0d0dde&#8221; button_border_radius=&#8221;5px&#8221; hover_enabled=&#8221;0&#8243; global_colors_info=&#8221;{}&#8221; title_text=&#8221;anuisBiblioteca&#8221; sticky_enabled=&#8221;0&#8243;][\/dipl_image_card][\/et_pb_column][et_pb_column type=&#8221;1_4&#8243; _builder_version=&#8221;4.22.1&#8243; _module_preset=&#8221;default&#8221; global_colors_info=&#8221;{}&#8221;][dipl_image_card title=&#8221;Biblioteca Central UNAM&#8221; image=&#8221;http:\/\/biblioteca.ajusco.upn.mx\/wp-content\/uploads\/2023\/11\/bibliotecacentralUNAM.jpg&#8221; show_button=&#8221;on&#8221; button_text=&#8221;Acceder&#8221; button_url=&#8221;https:\/\/www.bibliotecacentral.unam.mx\/&#8221; button_url_new_window=&#8221;on&#8221; _builder_version=&#8221;4.27.5&#8243; _module_preset=&#8221;default&#8221; title_font=&#8221;|300||on|||||&#8221; title_text_color=&#8221;#0e50de&#8221; title_letter_spacing=&#8221;7px&#8221; custom_button=&#8221;on&#8221; button_text_size=&#8221;13px&#8221; button_text_color=&#8221;#FFFFFF&#8221; button_bg_color=&#8221;#0e50de&#8221; button_border_radius=&#8221;5px&#8221; hover_enabled=&#8221;0&#8243; global_colors_info=&#8221;{}&#8221; title_text=&#8221;bibliotecacentralUNAM&#8221; sticky_enabled=&#8221;0&#8243;][\/dipl_image_card][\/et_pb_column][\/et_pb_row][et_pb_row column_structure=&#8221;1_4,1_4,1_4,1_4&#8243; _builder_version=&#8221;4.22.1&#8243; _module_preset=&#8221;default&#8221; global_colors_info=&#8221;{}&#8221;][et_pb_column type=&#8221;1_4&#8243; _builder_version=&#8221;4.22.1&#8243; _module_preset=&#8221;default&#8221; global_colors_info=&#8221;{}&#8221;][dipl_image_card title=&#8221;Facultad de Psicolog\u00eda UNAM&#8221; image=&#8221;http:\/\/biblioteca.ajusco.upn.mx\/wp-content\/uploads\/2023\/11\/facultaddepsicologiaUNAMBiblioteca.jpg&#8221; show_button=&#8221;on&#8221; button_text=&#8221;Acceder&#8221; button_url=&#8221;https:\/\/fp.bibliotecas.unam.mx\/&#8221; button_url_new_window=&#8221;on&#8221; _builder_version=&#8221;4.27.5&#8243; _module_preset=&#8221;default&#8221; title_font=&#8221;|300||on|||||&#8221; title_text_color=&#8221;#0dd3de&#8221; title_letter_spacing=&#8221;7px&#8221; custom_button=&#8221;on&#8221; button_text_size=&#8221;13px&#8221; button_text_color=&#8221;#FFFFFF&#8221; button_bg_color=&#8221;#0dd3de&#8221; button_border_radius=&#8221;5px&#8221; hover_enabled=&#8221;0&#8243; global_colors_info=&#8221;{}&#8221; title_text=&#8221;facultaddepsicologiaUNAMBiblioteca&#8221; sticky_enabled=&#8221;0&#8243;][\/dipl_image_card][\/et_pb_column][et_pb_column type=&#8221;1_4&#8243; _builder_version=&#8221;4.22.1&#8243; _module_preset=&#8221;default&#8221; global_colors_info=&#8221;{}&#8221;][dipl_image_card title=&#8221;Facultad de Filosof\u00eda y Letras UNAM&#8221; image=&#8221;http:\/\/biblioteca.ajusco.upn.mx\/wp-content\/uploads\/2023\/11\/facultaddefilosofiayletrasUNAMBiblioteca.jpg&#8221; show_button=&#8221;on&#8221; button_text=&#8221;Acceder&#8221; button_url=&#8221;http:\/\/biblioteca.filos.unam.mx\/&#8221; button_url_new_window=&#8221;on&#8221; _builder_version=&#8221;4.27.5&#8243; _module_preset=&#8221;default&#8221; title_font=&#8221;|300||on|||||&#8221; title_text_color=&#8221;#510dde&#8221; title_letter_spacing=&#8221;7px&#8221; custom_button=&#8221;on&#8221; button_text_size=&#8221;13px&#8221; button_text_color=&#8221;#FFFFFF&#8221; button_bg_color=&#8221;#510dde&#8221; button_border_radius=&#8221;5px&#8221; hover_enabled=&#8221;0&#8243; global_colors_info=&#8221;{}&#8221; title_text=&#8221;facultaddefilosofiayletrasUNAMBiblioteca&#8221; sticky_enabled=&#8221;0&#8243;][\/dipl_image_card][\/et_pb_column][et_pb_column type=&#8221;1_4&#8243; _builder_version=&#8221;4.22.1&#8243; _module_preset=&#8221;default&#8221; global_colors_info=&#8221;{}&#8221;][dipl_image_card title=&#8221;Instituto Nacional de Lenguas Ind\u00edgenas&#8221; image=&#8221;http:\/\/biblioteca.ajusco.upn.mx\/wp-content\/uploads\/2023\/11\/institutonacionaldelenguasindigenas.jpg&#8221; show_button=&#8221;on&#8221; button_text=&#8221;Acceder&#8221; button_url=&#8221;https:\/\/www.inali.gob.mx\/&#8221; button_url_new_window=&#8221;on&#8221; _builder_version=&#8221;4.27.5&#8243; _module_preset=&#8221;default&#8221; title_font=&#8221;|300||on|||||&#8221; title_text_color=&#8221;#345c6b&#8221; title_letter_spacing=&#8221;7px&#8221; custom_button=&#8221;on&#8221; button_text_size=&#8221;13px&#8221; button_text_color=&#8221;#FFFFFF&#8221; button_bg_color=&#8221;#345c6b&#8221; button_border_radius=&#8221;5px&#8221; hover_enabled=&#8221;0&#8243; global_colors_info=&#8221;{}&#8221; title_text=&#8221;institutonacionaldelenguasindigenas&#8221; sticky_enabled=&#8221;0&#8243;][\/dipl_image_card][\/et_pb_column][et_pb_column type=&#8221;1_4&#8243; _builder_version=&#8221;4.22.1&#8243; _module_preset=&#8221;default&#8221; global_colors_info=&#8221;{}&#8221;][dipl_image_card title=&#8221;WorldCat&#8221; image=&#8221;http:\/\/200.23.113.40\/wp-content\/uploads\/2025\/03\/worldcat3.jpg&#8221; show_button=&#8221;on&#8221; button_text=&#8221;Acceder&#8221; button_url=&#8221;https:\/\/search.worldcat.org\/es&#8221; button_url_new_window=&#8221;on&#8221; _builder_version=&#8221;4.24.2&#8243; _module_preset=&#8221;default&#8221; title_font=&#8221;|300||on|||||&#8221; title_text_color=&#8221;#062244&#8243; custom_button=&#8221;on&#8221; button_text_size=&#8221;13px&#8221; button_text_color=&#8221;#FFFFFF&#8221; button_bg_color=&#8221;#062244&#8243; button_border_radius=&#8221;5px&#8221; global_colors_info=&#8221;{}&#8221;][\/dipl_image_card][\/et_pb_column][\/et_pb_row][et_pb_row column_structure=&#8221;1_4,1_4,1_4,1_4&#8243; _builder_version=&#8221;4.22.1&#8243; _module_preset=&#8221;default&#8221; global_colors_info=&#8221;{}&#8221;][et_pb_column type=&#8221;1_4&#8243; _builder_version=&#8221;4.22.1&#8243; _module_preset=&#8221;default&#8221; global_colors_info=&#8221;{}&#8221;][dipl_image_card title=&#8221;Departamento de Investigaci\u00f3nes Educativas&#8221; image=&#8221;http:\/\/biblioteca.ajusco.upn.mx\/wp-content\/uploads\/2023\/11\/cinvestav.jpg&#8221; show_button=&#8221;on&#8221; button_text=&#8221;Acceder&#8221; button_url=&#8221;http:\/\/sb3.csb.cinvestav.mx\/uhtbin\/cgisirsi\/Thu+Apr+23+12:51:10+CDT+2009\/SIRSI\/0\/49&#8243; button_url_new_window=&#8221;on&#8221; _builder_version=&#8221;4.27.5&#8243; _module_preset=&#8221;default&#8221; title_font=&#8221;|300||on|||||&#8221; title_text_color=&#8221;#34396b&#8221; custom_button=&#8221;on&#8221; button_text_size=&#8221;13px&#8221; button_text_color=&#8221;#FFFFFF&#8221; button_bg_color=&#8221;#34396b&#8221; button_border_radius=&#8221;5px&#8221; hover_enabled=&#8221;0&#8243; global_colors_info=&#8221;{}&#8221; title_text=&#8221;cinvestav&#8221; sticky_enabled=&#8221;0&#8243;][\/dipl_image_card][\/et_pb_column][et_pb_column type=&#8221;1_4&#8243; _builder_version=&#8221;4.22.1&#8243; _module_preset=&#8221;default&#8221; global_colors_info=&#8221;{}&#8221;][dipl_image_card title=&#8221;Instituto de Investigaciones Bibliotecol\u00f3gicas y de la informaci\u00f3n&#8221; image=&#8221;http:\/\/biblioteca.ajusco.upn.mx\/wp-content\/uploads\/2023\/11\/institutodeinvestigacionesbibliotecologicasydelainformacion.jpg&#8221; show_button=&#8221;on&#8221; button_text=&#8221;Acceder&#8221; button_url=&#8221;https:\/\/iibi.bibliotecas.unam.mx\/&#8221; button_url_new_window=&#8221;on&#8221; _builder_version=&#8221;4.27.5&#8243; _module_preset=&#8221;default&#8221; title_font=&#8221;|300||on|||||&#8221; title_text_color=&#8221;#344a6b&#8221; custom_button=&#8221;on&#8221; button_text_size=&#8221;13px&#8221; button_text_color=&#8221;#FFFFFF&#8221; button_bg_color=&#8221;#344a6b&#8221; button_border_radius=&#8221;5px&#8221; hover_enabled=&#8221;0&#8243; global_colors_info=&#8221;{}&#8221; title_text=&#8221;institutodeinvestigacionesbibliotecologicasydelainformacion&#8221; sticky_enabled=&#8221;0&#8243;][\/dipl_image_card][\/et_pb_column][et_pb_column type=&#8221;1_4&#8243; _builder_version=&#8221;4.22.1&#8243; _module_preset=&#8221;default&#8221; global_colors_info=&#8221;{}&#8221;][dipl_image_card title=&#8221;Centro de Investigaciones y Estudios de G\u00e9nero UNAM&#8221; image=&#8221;http:\/\/biblioteca.ajusco.upn.mx\/wp-content\/uploads\/2023\/11\/centrodeinvestigacionesyestudiosdegenero.jpg&#8221; show_button=&#8221;on&#8221; button_text=&#8221;Acceder&#8221; button_url=&#8221;https:\/\/cieg.bibliotecas.unam.mx\/&#8221; button_url_new_window=&#8221;on&#8221; _builder_version=&#8221;4.27.5&#8243; _module_preset=&#8221;default&#8221; title_font=&#8221;|300||on|||||&#8221; title_text_color=&#8221;#346b69&#8243; custom_button=&#8221;on&#8221; button_text_size=&#8221;13px&#8221; button_text_color=&#8221;#FFFFFF&#8221; button_bg_color=&#8221;#346b69&#8243; button_border_radius=&#8221;5px&#8221; hover_enabled=&#8221;0&#8243; global_colors_info=&#8221;{}&#8221; title_text=&#8221;centrodeinvestigacionesyestudiosdegenero&#8221; sticky_enabled=&#8221;0&#8243;][\/dipl_image_card][\/et_pb_column][et_pb_column type=&#8221;1_4&#8243; _builder_version=&#8221;4.22.1&#8243; _module_preset=&#8221;default&#8221; global_colors_info=&#8221;{}&#8221;][dipl_image_card title=&#8221;Instituto de Investigaciones Sobre la Universidad y la Educaci\u00f3n UNAM&#8221; image=&#8221;http:\/\/biblioteca.ajusco.upn.mx\/wp-content\/uploads\/2023\/11\/institutodeinvestigacionessobrelauniversidadylaeducacionUNAM.jpg&#8221; show_button=&#8221;on&#8221; button_text=&#8221;Acceder&#8221; button_url=&#8221;https:\/\/iisue.bibliotecas.unam.mx\/&#8221; button_url_new_window=&#8221;on&#8221; _builder_version=&#8221;4.27.5&#8243; _module_preset=&#8221;default&#8221; title_font=&#8221;|300||on|||||&#8221; title_text_color=&#8221;#42346b&#8221; custom_button=&#8221;on&#8221; button_text_size=&#8221;13px&#8221; button_text_color=&#8221;#FFFFFF&#8221; button_bg_color=&#8221;#42346b&#8221; button_border_radius=&#8221;5px&#8221; hover_enabled=&#8221;0&#8243; global_colors_info=&#8221;{}&#8221; title_text=&#8221;institutodeinvestigacionessobrelauniversidadylaeducacionUNAM&#8221; sticky_enabled=&#8221;0&#8243;][\/dipl_image_card][\/et_pb_column][\/et_pb_row][\/et_pb_section][et_pb_section fb_built=&#8221;1&#8243; _builder_version=&#8221;4.22.1&#8243; _module_preset=&#8221;default&#8221; background_color=&#8221;#f7f7f7&#8243; global_colors_info=&#8221;{}&#8221;][et_pb_row _builder_version=&#8221;4.22.1&#8243; _module_preset=&#8221;default&#8221; global_colors_info=&#8221;{}&#8221;][et_pb_column type=&#8221;4_4&#8243; _builder_version=&#8221;4.22.1&#8243; _module_preset=&#8221;default&#8221; global_colors_info=&#8221;{}&#8221;][et_pb_button button_url=&#8221;@ET-DC@eyJkeW5hbWljIjp0cnVlLCJjb250ZW50IjoicG9zdF9saW5rX3VybF9wYWdlIiwic2V0dGluZ3MiOnsicG9zdF9pZCI6IjEzNjgifX0=@&#8221; button_text=&#8221;M\u00e1s instituciones con convenio de pr\u00e9stamo interbibliotecario&#8221; button_alignment=&#8221;center&#8221; _builder_version=&#8221;4.24.2&#8243; _dynamic_attributes=&#8221;button_url&#8221; _module_preset=&#8221;default&#8221; custom_button=&#8221;on&#8221; button_text_size=&#8221;13px&#8221; button_text_color=&#8221;#FFFFFF&#8221; button_bg_color=&#8221;#0e50de&#8221; button_border_radius=&#8221;5px&#8221; button_font=&#8221;|||on|||||&#8221; global_colors_info=&#8221;{}&#8221;][\/et_pb_button][\/et_pb_column][\/et_pb_row][\/et_pb_section][et_pb_section fb_built=&#8221;1&#8243; _builder_version=&#8221;4.22.1&#8243; _module_preset=&#8221;default&#8221; global_colors_info=&#8221;{}&#8221;][et_pb_row _builder_version=&#8221;4.22.1&#8243; _module_preset=&#8221;default&#8221; global_colors_info=&#8221;{}&#8221;][et_pb_column type=&#8221;4_4&#8243; _builder_version=&#8221;4.22.1&#8243; _module_preset=&#8221;default&#8221; global_colors_info=&#8221;{}&#8221;][et_pb_text _builder_version=&#8221;4.22.1&#8243; _module_preset=&#8221;default&#8221; header_3_font=&#8221;|||on|||||&#8221; header_3_text_align=&#8221;center&#8221; header_3_text_color=&#8221;#0e50de&#8221; header_3_letter_spacing=&#8221;10px&#8221; global_colors_info=&#8221;{}&#8221;]<\/p>\n<h3>Busca en el cat\u00e1logo de la Biblioteca<\/h3>\n<p>[\/et_pb_text][dipl_ajax_search search_placeholder=&#8221;Busca por t\u00edtulo, autor o tema&#8221; search_icon_color=&#8221;#c4ccda&#8221; _builder_version=&#8221;4.22.1&#8243; _module_preset=&#8221;default&#8221; width=&#8221;70%&#8221; module_alignment=&#8221;center&#8221; border_color_all_form_field=&#8221;#c4ccda&#8221; global_colors_info=&#8221;{}&#8221;][\/dipl_ajax_search][\/et_pb_column][\/et_pb_row][\/et_pb_section]<\/p>\n","protected":false},"excerpt":{"rendered":"<p>Cat\u00e1logos de bibliotecasCat\u00e1logos al p\u00fablico de las principales bibliotecas con las que tenemos convenio de pr\u00e9stamo interbibliotecario.Busca un cat\u00e1logo al p\u00fablico: WorldCat | FLACSO |\u00a0El Colegio de M\u00e9xico | Asociaci\u00f3n Nacional de Universidades e Instituciones de Educaci\u00f3n Superior | Biblioteca Central UNAM | Facultad de Psicolog\u00eda UNAM | Facultad de Filosof\u00eda y Lestras UNAM | [&hellip;]<\/p>\n","protected":false},"author":1,"featured_media":0,"parent":0,"menu_order":0,"comment_status":"closed","ping_status":"closed","template":"","meta":{"_et_pb_use_builder":"on","_et_pb_old_content":"","_et_gb_content_width":"","footnotes":""},"class_list":["post-1179","page","type-page","status-publish","hentry"],"_links":{"self":[{"href":"http:\/\/biblioteca.ajusco.upn.mx\/index.php\/wp-json\/wp\/v2\/pages\/1179","targetHints":{"allow":["GET"]}}],"collection":[{"href":"http:\/\/biblioteca.ajusco.upn.mx\/index.php\/wp-json\/wp\/v2\/pages"}],"about":[{"href":"http:\/\/biblioteca.ajusco.upn.mx\/index.php\/wp-json\/wp\/v2\/types\/page"}],"author":[{"embeddable":true,"href":"http:\/\/biblioteca.ajusco.upn.mx\/index.php\/wp-json\/wp\/v2\/users\/1"}],"replies":[{"embeddable":true,"href":"http:\/\/biblioteca.ajusco.upn.mx\/index.php\/wp-json\/wp\/v2\/comments?post=1179"}],"version-history":[{"count":3,"href":"http:\/\/biblioteca.ajusco.upn.mx\/index.php\/wp-json\/wp\/v2\/pages\/1179\/revisions"}],"predecessor-version":[{"id":5597,"href":"http:\/\/biblioteca.ajusco.upn.mx\/index.php\/wp-json\/wp\/v2\/pages\/1179\/revisions\/5597"}],"wp:attachment":[{"href":"http:\/\/biblioteca.ajusco.upn.mx\/index.php\/wp-json\/wp\/v2\/media?parent=1179"}],"curies":[{"name":"wp","href":"https:\/\/api.w.org\/{rel}","templated":true}]}}