{"id":4933,"date":"2025-02-10T17:07:22","date_gmt":"2025-02-10T17:07:22","guid":{"rendered":"http:\/\/biblioteca.ajusco.upn.mx\/wp4-upn\/?page_id=4933"},"modified":"2026-03-24T19:39:17","modified_gmt":"2026-03-24T19:39:17","slug":"centro-quetzalcoatl","status":"publish","type":"page","link":"http:\/\/biblioteca.ajusco.upn.mx\/index.php\/centro-quetzalcoatl\/","title":{"rendered":"Centro Quetzalc\u00f3atl"},"content":{"rendered":"<p>[et_pb_section fb_built=&#8221;1&#8243; _builder_version=&#8221;4.24.2&#8243; _module_preset=&#8221;default&#8221; global_colors_info=&#8221;{}&#8221;][et_pb_row column_structure=&#8221;3_5,2_5&#8243; _builder_version=&#8221;4.24.2&#8243; _module_preset=&#8221;default&#8221; global_colors_info=&#8221;{}&#8221;][et_pb_column type=&#8221;3_5&#8243; _builder_version=&#8221;4.24.2&#8243; _module_preset=&#8221;default&#8221; global_colors_info=&#8221;{}&#8221;][et_pb_text _builder_version=&#8221;4.24.2&#8243; _module_preset=&#8221;default&#8221; header_font=&#8221;|300|||||||&#8221; header_text_color=&#8221;#344a6b&#8221; header_font_size=&#8221;58px&#8221; global_colors_info=&#8221;{}&#8221;]<\/p>\n<h1>Centro de Formaci\u00f3n para Personas con Discapacidad Visual Quetzalc\u00f3atl<\/h1>\n<p>[\/et_pb_text][et_pb_text _builder_version=&#8221;4.24.2&#8243; _module_preset=&#8221;default&#8221; text_font=&#8221;|300|||||||&#8221; global_colors_info=&#8221;{}&#8221;]<\/p>\n<p>El objetivo del centro es elaborar programas de formaci\u00f3n y capacitaci\u00f3n tiflot\u00e9cnica que facilite el acceso a la informaci\u00f3n y la comunicaci\u00f3n, a trav\u00e9s del uso de tecnolog\u00edas asistidas; con la finalidad de que las personas en condici\u00f3n de ceguera y deficiencia visual, as\u00ed como profesionales de la educaci\u00f3n y estudiantes, identifiquen puntualmente las herramientas y aplicaciones que eliminen las barreras comunicativas a favor de la inclusi\u00f3n y participaci\u00f3n en la sociedad del conocimiento y la informaci\u00f3n.<\/p>\n<p>&nbsp;<\/p>\n<p>[\/et_pb_text][et_pb_button button_url=&#8221;mailto:cjimenez@upn.mx&#8221; button_text=&#8221;Contacto&#8221; _builder_version=&#8221;4.24.2&#8243; _module_preset=&#8221;default&#8221; custom_button=&#8221;on&#8221; button_text_size=&#8221;13px&#8221; button_text_color=&#8221;#FFFFFF&#8221; button_bg_color=&#8221;#0e50de&#8221; button_border_radius=&#8221;5px&#8221; button_icon=&#8221;&#xf0e0;||fa||900&#8243; global_colors_info=&#8221;{}&#8221;][\/et_pb_button][\/et_pb_column][et_pb_column type=&#8221;2_5&#8243; _builder_version=&#8221;4.24.2&#8243; _module_preset=&#8221;default&#8221; global_colors_info=&#8221;{}&#8221;][et_pb_image src=&#8221;http:\/\/biblioteca.ajusco.upn.mx\/wp-content\/uploads\/2023\/09\/bralie-web.png&#8221; title_text=&#8221;bralie-web&#8221; _builder_version=&#8221;4.27.5&#8243; _module_preset=&#8221;default&#8221; hover_enabled=&#8221;0&#8243; global_colors_info=&#8221;{}&#8221; sticky_enabled=&#8221;0&#8243;][\/et_pb_image][\/et_pb_column][\/et_pb_row][\/et_pb_section][et_pb_section fb_built=&#8221;1&#8243; _builder_version=&#8221;4.27.5&#8243; _module_preset=&#8221;default&#8221; background_image=&#8221;http:\/\/biblioteca.ajusco.upn.mx\/wp-content\/uploads\/2024\/10\/fondoWEB.jpg&#8221; hover_enabled=&#8221;0&#8243; global_colors_info=&#8221;{}&#8221; title_text=&#8221;fondoWEB&#8221; sticky_enabled=&#8221;0&#8243;][et_pb_row _builder_version=&#8221;4.24.2&#8243; _module_preset=&#8221;default&#8221; global_colors_info=&#8221;{}&#8221;][et_pb_column type=&#8221;4_4&#8243; _builder_version=&#8221;4.24.2&#8243; _module_preset=&#8221;default&#8221; global_colors_info=&#8221;{}&#8221;][et_pb_text _builder_version=&#8221;4.24.2&#8243; _module_preset=&#8221;default&#8221; header_3_font=&#8221;|300||on|||||&#8221; header_3_text_color=&#8221;#FFFFFF&#8221; header_3_letter_spacing=&#8221;10px&#8221; global_colors_info=&#8221;{}&#8221;]<\/p>\n<h3>Objetivos Espec\u00edficos<\/h3>\n<p>[\/et_pb_text][\/et_pb_column][\/et_pb_row][et_pb_row column_structure=&#8221;1_3,2_3&#8243; _builder_version=&#8221;4.24.2&#8243; _module_preset=&#8221;default&#8221; global_colors_info=&#8221;{}&#8221;][et_pb_column type=&#8221;1_3&#8243; _builder_version=&#8221;4.24.2&#8243; _module_preset=&#8221;default&#8221; global_colors_info=&#8221;{}&#8221;][et_pb_image src=&#8221;http:\/\/biblioteca.ajusco.upn.mx\/wp-content\/uploads\/2023\/11\/iconMisionAzul.png&#8221; title_text=&#8221;iconMisionAzul&#8221; _builder_version=&#8221;4.27.5&#8243; _module_preset=&#8221;default&#8221; hover_enabled=&#8221;0&#8243; global_colors_info=&#8221;{}&#8221; sticky_enabled=&#8221;0&#8243;][\/et_pb_image][\/et_pb_column][et_pb_column type=&#8221;2_3&#8243; _builder_version=&#8221;4.24.2&#8243; _module_preset=&#8221;default&#8221; global_colors_info=&#8221;{}&#8221;][et_pb_text _builder_version=&#8221;4.24.2&#8243; _module_preset=&#8221;default&#8221; text_font=&#8221;|300|||||||&#8221; text_text_color=&#8221;#FFFFFF&#8221; ul_text_align=&#8221;justify&#8221; global_colors_info=&#8221;{}&#8221;]<\/p>\n<ul>\n<li>Seleccionar las herramientas de escritura o lectura que sean m\u00e1s apropiadas, a partir del reconocimiento de las necesidades espec\u00edficas de capacitaci\u00f3n; con la finalidad de que las personas en condici\u00f3n de ceguera o deficiencia visual adopten el uso del Braille, el manejo de los lectores de pantalla o amplificadores de texto en el acceso a la informaci\u00f3n y la comunicaci\u00f3n.<\/li>\n<li>Generar estrategias espec\u00edficas y ajustes razonables en el aprendizaje tiflot\u00e9cnico, a trav\u00e9s de la selecci\u00f3n de situaciones did\u00e1cticas; con la finalidad de que los profesionales en servicio o en formaci\u00f3n, construyan ambientes de aprendizaje retomando los principios del Modelo Social de la Discapacidad y del Dise\u00f1o Universal para el Aprendizaje, que permita la eliminaci\u00f3n o minimizaci\u00f3n de las barreras en el acceso a la informaci\u00f3n y la comunicaci\u00f3n.<\/li>\n<li>Clasificar las diferentes estrategias espec\u00edficas de comunicaci\u00f3n, a partir del dise\u00f1o de materiales de apoyo multimedia; con la finalidad de que las personas en condici\u00f3n de ceguera o deficiencia visual, seleccionen los m\u00e1s adecuados (formato MP3, formato braille o digital), en el soporte de la capacitaci\u00f3n tiflot\u00e9cnica y el acceso a la informaci\u00f3n.<\/li>\n<\/ul>\n<p>[\/et_pb_text][\/et_pb_column][\/et_pb_row][\/et_pb_section][et_pb_section fb_built=&#8221;1&#8243; module_id=&#8221;infantilServicios&#8221; _builder_version=&#8221;4.24.2&#8243; _module_preset=&#8221;default&#8221; custom_padding=&#8221;||6px|||&#8221; global_colors_info=&#8221;{}&#8221;][et_pb_row _builder_version=&#8221;4.24.2&#8243; _module_preset=&#8221;default&#8221; global_colors_info=&#8221;{}&#8221;][et_pb_column type=&#8221;4_4&#8243; _builder_version=&#8221;4.24.2&#8243; _module_preset=&#8221;default&#8221; global_colors_info=&#8221;{}&#8221;][et_pb_text _builder_version=&#8221;4.24.2&#8243; _module_preset=&#8221;default&#8221; header_3_font=&#8221;|300||on|||||&#8221; header_3_text_color=&#8221;#0e50de&#8221; header_3_letter_spacing=&#8221;10px&#8221; global_colors_info=&#8221;{}&#8221;]<\/p>\n<h3>Cursos<\/h3>\n<p>[\/et_pb_text][et_pb_text _builder_version=&#8221;4.24.2&#8243; _module_preset=&#8221;default&#8221; text_font=&#8221;|300|||||||&#8221; global_colors_info=&#8221;{}&#8221;]<\/p>\n<p><strong>Dirigidos a personas con discapacidad visual<\/strong> (<em>ciegos y deficientes visuales<\/em>), profesores y estudiantes. <em><strong>Horario de atenci\u00f3n: 14:00 a 18:00 hrs.<\/strong><\/em><\/p>\n<p>[\/et_pb_text][\/et_pb_column][\/et_pb_row][et_pb_row column_structure=&#8221;1_5,1_5,1_5,1_5,1_5&#8243; _builder_version=&#8221;4.24.2&#8243; _module_preset=&#8221;default&#8221; global_colors_info=&#8221;{}&#8221;][et_pb_column type=&#8221;1_5&#8243; _builder_version=&#8221;4.24.2&#8243; _module_preset=&#8221;default&#8221; global_colors_info=&#8221;{}&#8221;][et_pb_blurb title=&#8221;Tecnolog\u00edas asistidas&#8221; image=&#8221;http:\/\/biblioteca.ajusco.upn.mx\/wp-content\/uploads\/2025\/02\/Curso1-scaled.jpg&#8221; _builder_version=&#8221;4.27.5&#8243; _module_preset=&#8221;default&#8221; header_font=&#8221;|||||on|||&#8221; header_text_color=&#8221;#0e50de&#8221; header_letter_spacing=&#8221;4px&#8221; body_font=&#8221;|300|||||||&#8221; hover_enabled=&#8221;0&#8243; global_colors_info=&#8221;{}&#8221; title_text=&#8221;Curso1&#8243; sticky_enabled=&#8221;0&#8243;]<\/p>\n<p>Dirigido a personas en condici\u00f3n de ceguera o deficiencia visual. Permite adquirir habilidades digitales, a trav\u00e9s de cursos de computaci\u00f3n con tecnolog\u00eda asistida por lectores de pantalla.<\/p>\n<p>[\/et_pb_blurb][et_pb_text _builder_version=&#8221;4.24.2&#8243; _module_preset=&#8221;default&#8221; text_font=&#8221;|300|||||||&#8221; global_colors_info=&#8221;{}&#8221;]<\/p>\n<p><strong>\u00bfDudas?<\/strong> Comun\u00edcate con C\u00e9sar Javier Jim\u00e9nez S\u00e1nchez <a href=\"mailto:cjimenez@upn.mx\" target=\"_blank\" rel=\"noopener\">cjimenez@upn.mx<\/a><\/p>\n<p>[\/et_pb_text][\/et_pb_column][et_pb_column type=&#8221;1_5&#8243; _builder_version=&#8221;4.24.2&#8243; _module_preset=&#8221;default&#8221; global_colors_info=&#8221;{}&#8221;][et_pb_blurb title=&#8221;Ense\u00f1anza de la lectura y escritura Braille&#8221; image=&#8221;http:\/\/biblioteca.ajusco.upn.mx\/wp-content\/uploads\/2025\/02\/Curso2-scaled.jpg&#8221; _builder_version=&#8221;4.27.5&#8243; _module_preset=&#8221;default&#8221; header_font=&#8221;|||||on|||&#8221; header_text_color=&#8221;#0e50de&#8221; header_letter_spacing=&#8221;4px&#8221; body_font=&#8221;|300|||||||&#8221; hover_enabled=&#8221;0&#8243; global_colors_info=&#8221;{}&#8221; title_text=&#8221;Curso2&#8243; sticky_enabled=&#8221;0&#8243;]<\/p>\n<p>Dirigido a personas en condici\u00f3n de ceguera o deficiencia visual. Permite adoptar el uso del braille para acceder a la informaci\u00f3n en disponible en l\u00ednea y facilitar la comunicaci\u00f3n en los diferentes medios.<\/p>\n<p>[\/et_pb_blurb][et_pb_text _builder_version=&#8221;4.24.2&#8243; _module_preset=&#8221;default&#8221; text_font=&#8221;|300|||||||&#8221; global_colors_info=&#8221;{}&#8221;]<\/p>\n<p><strong>\u00bfDudas?<\/strong> Comun\u00edcate con C\u00e9sar Javier Jim\u00e9nez S\u00e1nchez <a href=\"mailto:cjimenez@upn.mx\" target=\"_blank\" rel=\"noopener\">cjimenez@upn.mx<\/a><\/p>\n<p>[\/et_pb_text][\/et_pb_column][et_pb_column type=&#8221;1_5&#8243; _builder_version=&#8221;4.24.2&#8243; _module_preset=&#8221;default&#8221; global_colors_info=&#8221;{}&#8221;][et_pb_blurb title=&#8221;Tecnolog\u00edas asistidas para la educaci\u00f3n&#8221; image=&#8221;http:\/\/biblioteca.ajusco.upn.mx\/wp-content\/uploads\/2025\/02\/Curso3-scaled.jpg&#8221; _builder_version=&#8221;4.27.5&#8243; _module_preset=&#8221;default&#8221; header_font=&#8221;|||||on|||&#8221; header_text_color=&#8221;#0e50de&#8221; header_letter_spacing=&#8221;4px&#8221; body_font=&#8221;|300|||||||&#8221; hover_enabled=&#8221;0&#8243; global_colors_info=&#8221;{}&#8221; title_text=&#8221;Curso3&#8243; sticky_enabled=&#8221;0&#8243;]<\/p>\n<p>Dirigido a profesionales de la educaci\u00f3n. Tiene como objetivo acortar la brecha digital que enfrentan las personas con discapacidad visual frente al acceso a la informaci\u00f3n y la comunicaci\u00f3n.<\/p>\n<p>[\/et_pb_blurb][et_pb_text _builder_version=&#8221;4.24.2&#8243; _module_preset=&#8221;default&#8221; text_font=&#8221;|300|||||||&#8221; global_colors_info=&#8221;{}&#8221;]<\/p>\n<p><strong>\u00bfDudas?<\/strong> Comun\u00edcate con C\u00e9sar Javier Jim\u00e9nez S\u00e1nchez <a href=\"mailto:cjimenez@upn.mx\" target=\"_blank\" rel=\"noopener\">cjimenez@upn.mx<\/a><\/p>\n<p>[\/et_pb_text][\/et_pb_column][et_pb_column type=&#8221;1_5&#8243; _builder_version=&#8221;4.24.2&#8243; _module_preset=&#8221;default&#8221; global_colors_info=&#8221;{}&#8221;][et_pb_blurb title=&#8221;Lengua de se\u00f1as mexicanas&#8221; image=&#8221;http:\/\/biblioteca.ajusco.upn.mx\/wp-content\/uploads\/2025\/02\/Curso4-scaled.jpg&#8221; _builder_version=&#8221;4.27.5&#8243; _module_preset=&#8221;default&#8221; header_font=&#8221;|||||on|||&#8221; header_text_color=&#8221;#0e50de&#8221; header_letter_spacing=&#8221;4px&#8221; body_font=&#8221;|300|||||||&#8221; hover_enabled=&#8221;0&#8243; global_colors_info=&#8221;{}&#8221; title_text=&#8221;Curso4&#8243; sticky_enabled=&#8221;0&#8243;]<\/p>\n<p>Dirigido a profesionales de la educaci\u00f3n. Est\u00e1 organizado en dos m\u00f3dulos que integran el manejo del cuerpo, posici\u00f3n de las manos, gesticulaciones y aprendizaje de vocabularios. Por otra parte, se ense\u00f1a la gram\u00e1tica de la lengua y sus reglas de acuerdo a la regi\u00f3n en la que se aplica.<\/p>\n<p>[\/et_pb_blurb][et_pb_text _builder_version=&#8221;4.24.2&#8243; _module_preset=&#8221;default&#8221; text_font=&#8221;|300|||||||&#8221; global_colors_info=&#8221;{}&#8221;]<\/p>\n<p><strong>\u00bfDudas?<\/strong> Comun\u00edcate con C\u00e9sar Javier Jim\u00e9nez S\u00e1nchez <a href=\"mailto:cjimenez@upn.mx\" target=\"_blank\" rel=\"noopener\">cjimenez@upn.mx<\/a><\/p>\n<p>[\/et_pb_text][\/et_pb_column][et_pb_column type=&#8221;1_5&#8243; _builder_version=&#8221;4.24.2&#8243; _module_preset=&#8221;default&#8221; global_colors_info=&#8221;{}&#8221;][et_pb_blurb title=&#8221;Ense\u00f1anza del ingl\u00e9s&#8221; image=&#8221;http:\/\/biblioteca.ajusco.upn.mx\/wp-content\/uploads\/2025\/02\/Curso5-scaled.jpg&#8221; _builder_version=&#8221;4.27.5&#8243; _module_preset=&#8221;default&#8221; header_font=&#8221;|||||on|||&#8221; header_text_color=&#8221;#0e50de&#8221; header_letter_spacing=&#8221;4px&#8221; body_font=&#8221;|300|||||||&#8221; hover_enabled=&#8221;0&#8243; global_colors_info=&#8221;{}&#8221; title_text=&#8221;Curso5&#8243; sticky_enabled=&#8221;0&#8243;]<\/p>\n<p>Dirigido a personas en condici\u00f3n de ceguera o deficiencia visual. Permite alcanzar un nivel de comprensi\u00f3n, conversaci\u00f3n, escritura y lectura en el idioma ingl\u00e9s.<\/p>\n<p>[\/et_pb_blurb][et_pb_text _builder_version=&#8221;4.24.2&#8243; _module_preset=&#8221;default&#8221; text_font=&#8221;|300|||||||&#8221; global_colors_info=&#8221;{}&#8221;]<\/p>\n<p><strong>\u00bfDudas?<\/strong> Comun\u00edcate con C\u00e9sar Javier Jim\u00e9nez S\u00e1nchez <a href=\"mailto:cjimenez@upn.mx\" target=\"_blank\" rel=\"noopener\">cjimenez@upn.mx<\/a><\/p>\n<p>[\/et_pb_text][\/et_pb_column][\/et_pb_row][\/et_pb_section][et_pb_section fb_built=&#8221;1&#8243; module_id=&#8221;infantilServicios&#8221; _builder_version=&#8221;4.24.2&#8243; _module_preset=&#8221;default&#8221; custom_padding=&#8221;||6px|||&#8221; global_colors_info=&#8221;{}&#8221;][et_pb_row _builder_version=&#8221;4.24.2&#8243; _module_preset=&#8221;default&#8221; global_colors_info=&#8221;{}&#8221;][et_pb_column type=&#8221;4_4&#8243; _builder_version=&#8221;4.24.2&#8243; _module_preset=&#8221;default&#8221; global_colors_info=&#8221;{}&#8221;][et_pb_text _builder_version=&#8221;4.24.2&#8243; _module_preset=&#8221;default&#8221; header_3_font=&#8221;|300||on|||||&#8221; header_3_text_color=&#8221;#0e50de&#8221; header_3_letter_spacing=&#8221;10px&#8221; global_colors_info=&#8221;{}&#8221;]<\/p>\n<h3>Servicios<\/h3>\n<p>[\/et_pb_text][\/et_pb_column][\/et_pb_row][\/et_pb_section][et_pb_section fb_built=&#8221;1&#8243; module_id=&#8221;infantilColecciones&#8221; _builder_version=&#8221;4.24.2&#8243; _module_preset=&#8221;default&#8221; global_colors_info=&#8221;{}&#8221;][et_pb_row column_structure=&#8221;1_2,1_2&#8243; _builder_version=&#8221;4.24.2&#8243; _module_preset=&#8221;default&#8221; global_colors_info=&#8221;{}&#8221;][et_pb_column type=&#8221;1_2&#8243; _builder_version=&#8221;4.24.2&#8243; _module_preset=&#8221;default&#8221; global_colors_info=&#8221;{}&#8221;][et_pb_image src=&#8221;http:\/\/biblioteca.ajusco.upn.mx\/wp-content\/uploads\/2025\/02\/base3.png&#8221; title_text=&#8221;base3&#8243; _builder_version=&#8221;4.27.5&#8243; _module_preset=&#8221;default&#8221; hover_enabled=&#8221;0&#8243; global_colors_info=&#8221;{}&#8221; sticky_enabled=&#8221;0&#8243;][\/et_pb_image][et_pb_text _builder_version=&#8221;4.24.2&#8243; _module_preset=&#8221;default&#8221; text_font=&#8221;|300|||||||&#8221; global_colors_info=&#8221;{}&#8221;]<\/p>\n<p><strong>\u00bfDudas?<\/strong> Comun\u00edcate con C\u00e9sar Javier Jim\u00e9nez S\u00e1nchez <a href=\"mailto:cjimenez@upn.mx\" target=\"_blank\" rel=\"noopener\">cjimenez@upn.mx<\/a><\/p>\n<p>[\/et_pb_text][\/et_pb_column][et_pb_column type=&#8221;1_2&#8243; _builder_version=&#8221;4.24.2&#8243; _module_preset=&#8221;default&#8221; global_colors_info=&#8221;{}&#8221;][et_pb_text _builder_version=&#8221;4.24.2&#8243; _module_preset=&#8221;default&#8221; header_3_font=&#8221;|300||||on|||&#8221; header_3_text_color=&#8221;#0e50de&#8221; header_3_letter_spacing=&#8221;3px&#8221; global_colors_info=&#8221;{}&#8221;]<\/p>\n<h3>Dise\u00f1o y elaboraci\u00f3n de materiales adaptados<\/h3>\n<p>[\/et_pb_text][et_pb_text _builder_version=&#8221;4.24.2&#8243; _module_preset=&#8221;default&#8221; text_font=&#8221;|300|||||||&#8221; custom_padding=&#8221;||1px|||&#8221; global_colors_info=&#8221;{}&#8221;]<\/p>\n<p>Encaminado a<em> dise\u00f1ar materiales<\/em> a partir de la adaptaci\u00f3n de recursos en formato <strong>digital, braille y audio,<\/strong> parte de la captura de materiales impresos a formato digital lo que permite mayor manejo para <strong>impresi\u00f3n amplificada, braille y conversi\u00f3n en formato MP3;<\/strong> estos materiales se elaboran para fortalecer el proceso de capacitaci\u00f3n al interior del <span style=\"color: #0e50de;\"><strong>Centro Quetzalcoatl<\/strong><\/span><\/p>\n<p>[\/et_pb_text][\/et_pb_column][\/et_pb_row][et_pb_row _builder_version=&#8221;4.24.2&#8243; _module_preset=&#8221;default&#8221; global_colors_info=&#8221;{}&#8221;][et_pb_column type=&#8221;4_4&#8243; _builder_version=&#8221;4.24.2&#8243; _module_preset=&#8221;default&#8221; global_colors_info=&#8221;{}&#8221;][et_pb_text _builder_version=&#8221;4.24.2&#8243; _module_preset=&#8221;default&#8221; text_font=&#8221;|300|||||||&#8221; global_colors_info=&#8221;{}&#8221;]<\/p>\n<p><em>Descarga este\u00a0<a href=\"http:\/\/biblioteca.ajusco.upn.mx\/assets\/files\/FolletoQuetzalcoatl2016.pdf\" class=\"alert-link\" target=\"_blank\" title=\"Folleto\" rel=\"noopener\">folleto<\/a>\u00a0para obtener m\u00e1s informaci\u00f3n sobre el Centro Quetzalc\u00f3atl<\/em><\/p>\n<p>[\/et_pb_text][\/et_pb_column][\/et_pb_row][\/et_pb_section]<\/p>\n","protected":false},"excerpt":{"rendered":"<p>Centro de Formaci\u00f3n para Personas con Discapacidad Visual Quetzalc\u00f3atlEl objetivo del centro es elaborar programas de formaci\u00f3n y capacitaci\u00f3n tiflot\u00e9cnica que facilite el acceso a la informaci\u00f3n y la comunicaci\u00f3n, a trav\u00e9s del uso de tecnolog\u00edas asistidas; con la finalidad de que las personas en condici\u00f3n de ceguera y deficiencia visual, as\u00ed como profesionales de [&hellip;]<\/p>\n","protected":false},"author":1,"featured_media":0,"parent":0,"menu_order":0,"comment_status":"closed","ping_status":"closed","template":"","meta":{"_et_pb_use_builder":"on","_et_pb_old_content":"","_et_gb_content_width":"","footnotes":""},"class_list":["post-4933","page","type-page","status-publish","hentry"],"_links":{"self":[{"href":"http:\/\/biblioteca.ajusco.upn.mx\/index.php\/wp-json\/wp\/v2\/pages\/4933","targetHints":{"allow":["GET"]}}],"collection":[{"href":"http:\/\/biblioteca.ajusco.upn.mx\/index.php\/wp-json\/wp\/v2\/pages"}],"about":[{"href":"http:\/\/biblioteca.ajusco.upn.mx\/index.php\/wp-json\/wp\/v2\/types\/page"}],"author":[{"embeddable":true,"href":"http:\/\/biblioteca.ajusco.upn.mx\/index.php\/wp-json\/wp\/v2\/users\/1"}],"replies":[{"embeddable":true,"href":"http:\/\/biblioteca.ajusco.upn.mx\/index.php\/wp-json\/wp\/v2\/comments?post=4933"}],"version-history":[{"count":3,"href":"http:\/\/biblioteca.ajusco.upn.mx\/index.php\/wp-json\/wp\/v2\/pages\/4933\/revisions"}],"predecessor-version":[{"id":5710,"href":"http:\/\/biblioteca.ajusco.upn.mx\/index.php\/wp-json\/wp\/v2\/pages\/4933\/revisions\/5710"}],"wp:attachment":[{"href":"http:\/\/biblioteca.ajusco.upn.mx\/index.php\/wp-json\/wp\/v2\/media?parent=4933"}],"curies":[{"name":"wp","href":"https:\/\/api.w.org\/{rel}","templated":true}]}}