{"id":4961,"date":"2025-02-11T17:00:38","date_gmt":"2025-02-11T17:00:38","guid":{"rendered":"http:\/\/biblioteca.ajusco.upn.mx\/wp4-upn\/?page_id=4961"},"modified":"2026-03-19T17:40:58","modified_gmt":"2026-03-19T17:40:58","slug":"tutoria-bibliotecaria","status":"publish","type":"page","link":"http:\/\/biblioteca.ajusco.upn.mx\/index.php\/tutoria-bibliotecaria\/","title":{"rendered":"Tutor\u00eda Bibliotecaria"},"content":{"rendered":"<p>[et_pb_section fb_built=&#8221;1&#8243; _builder_version=&#8221;4.24.2&#8243; _module_preset=&#8221;default&#8221; global_colors_info=&#8221;{}&#8221;][et_pb_row column_structure=&#8221;3_5,2_5&#8243; _builder_version=&#8221;4.24.2&#8243; _module_preset=&#8221;default&#8221; global_colors_info=&#8221;{}&#8221;][et_pb_column type=&#8221;3_5&#8243; _builder_version=&#8221;4.24.2&#8243; _module_preset=&#8221;default&#8221; global_colors_info=&#8221;{}&#8221;][et_pb_text _builder_version=&#8221;4.24.2&#8243; _module_preset=&#8221;default&#8221; header_font=&#8221;|300|||||||&#8221; header_text_color=&#8221;#344a6b&#8221; header_font_size=&#8221;84px&#8221; global_colors_info=&#8221;{}&#8221;]<\/p>\n<h1>Tutor\u00eda bibliotecaria<\/h1>\n<p>[\/et_pb_text][et_pb_text _builder_version=&#8221;4.24.2&#8243; _module_preset=&#8221;default&#8221; text_font=&#8221;|300|||||||&#8221; global_colors_info=&#8221;{}&#8221;]<\/p>\n<p>Orientar, apoyar y acompa\u00f1ar, de manera continua y personalizada, a los estudiantes de la UPN durante la elaboraci\u00f3n de sus trabajos acad\u00e9micos y de investigaci\u00f3n.<\/p>\n<p>[\/et_pb_text][et_pb_button button_text=&#8221;Contacto&#8221; _builder_version=&#8221;4.24.2&#8243; _module_preset=&#8221;default&#8221; custom_button=&#8221;on&#8221; button_text_size=&#8221;13px&#8221; button_text_color=&#8221;#FFFFFF&#8221; button_bg_color=&#8221;#0e50de&#8221; button_border_radius=&#8221;5px&#8221; button_icon=&#8221;&#xf0e0;||fa||900&#8243; global_colors_info=&#8221;{}&#8221;][\/et_pb_button][et_pb_text _builder_version=&#8221;4.24.2&#8243; _module_preset=&#8221;default&#8221; text_font=&#8221;|300|||||||&#8221; global_colors_info=&#8221;{}&#8221;]<\/p>\n<p>Tal vez quieras consultar:<\/p>\n<p><a href=\"#infantilColecciones\">Objetivo<\/a> | <a href=\"#infantilColecciones\">Servicios<\/a> | <a href=\"#infantilColecciones\">Tutoras y tutores bibliotecarios<\/a><\/p>\n<p>[\/et_pb_text][\/et_pb_column][et_pb_column type=&#8221;2_5&#8243; _builder_version=&#8221;4.24.2&#8243; _module_preset=&#8221;default&#8221; global_colors_info=&#8221;{}&#8221;][et_pb_image src=&#8221;http:\/\/biblioteca.ajusco.upn.mx\/wp-content\/uploads\/2025\/02\/portadaTutoria.png&#8221; title_text=&#8221;portadaTutoria&#8221; _builder_version=&#8221;4.27.5&#8243; _module_preset=&#8221;default&#8221; hover_enabled=&#8221;0&#8243; global_colors_info=&#8221;{}&#8221; sticky_enabled=&#8221;0&#8243;][\/et_pb_image][\/et_pb_column][\/et_pb_row][\/et_pb_section][et_pb_section fb_built=&#8221;1&#8243; _builder_version=&#8221;4.27.5&#8243; _module_preset=&#8221;default&#8221; background_color=&#8221;#e2e4e9&#8243; background_image=&#8221;http:\/\/biblioteca.ajusco.upn.mx\/wp-content\/uploads\/2023\/11\/iconMisionAzul.png&#8221; background_size=&#8221;initial&#8221; background_position=&#8221;center_right&#8221; hover_enabled=&#8221;0&#8243; global_colors_info=&#8221;{}&#8221; title_text=&#8221;iconMisionAzul&#8221; sticky_enabled=&#8221;0&#8243;][et_pb_row _builder_version=&#8221;4.24.2&#8243; _module_preset=&#8221;default&#8221; global_colors_info=&#8221;{}&#8221;][et_pb_column type=&#8221;4_4&#8243; _builder_version=&#8221;4.24.2&#8243; _module_preset=&#8221;default&#8221; global_colors_info=&#8221;{}&#8221;][et_pb_text _builder_version=&#8221;4.24.2&#8243; _module_preset=&#8221;default&#8221; header_3_font=&#8221;|300||on|||||&#8221; header_3_text_color=&#8221;#0e50de&#8221; header_3_letter_spacing=&#8221;10px&#8221; global_colors_info=&#8221;{}&#8221;]<\/p>\n<h3>Objetivo<\/h3>\n<p>[\/et_pb_text][\/et_pb_column][\/et_pb_row][et_pb_row _builder_version=&#8221;4.24.2&#8243; _module_preset=&#8221;default&#8221; global_colors_info=&#8221;{}&#8221;][et_pb_column type=&#8221;4_4&#8243; _builder_version=&#8221;4.24.2&#8243; _module_preset=&#8221;default&#8221; global_colors_info=&#8221;{}&#8221;][et_pb_text _builder_version=&#8221;4.24.2&#8243; _module_preset=&#8221;default&#8221; text_font=&#8221;|300|||||||&#8221; global_colors_info=&#8221;{}&#8221;]<\/p>\n<p><em>Acompa\u00f1ar a los estudiantes de tercera fase de licenciatura<\/em> (s\u00e9ptimo y octavo semestre) <em>y de posgrado<\/em> durante la <strong>elaboraci\u00f3n de sus trabajos acad\u00e9micos y de investigaci\u00f3n<\/strong>, implementando acciones <em><strong>pedag\u00f3gicas y did\u00e1cticas<\/strong><\/em> encaminadas al desarrollo de las <em><strong>competencias y habilidades informacionales<\/strong><\/em>.<\/p>\n<p>[\/et_pb_text][\/et_pb_column][\/et_pb_row][\/et_pb_section][et_pb_section fb_built=&#8221;1&#8243; _builder_version=&#8221;4.24.2&#8243; _module_preset=&#8221;default&#8221; global_colors_info=&#8221;{}&#8221;][et_pb_row column_structure=&#8221;1_3,1_3,1_3&#8243; _builder_version=&#8221;4.24.2&#8243; _module_preset=&#8221;default&#8221; global_colors_info=&#8221;{}&#8221;][et_pb_column type=&#8221;1_3&#8243; _builder_version=&#8221;4.24.2&#8243; _module_preset=&#8221;default&#8221; global_colors_info=&#8221;{}&#8221;][et_pb_blurb title=&#8221;Tutor\u00eda individual para estudiantes&#8221; use_icon=&#8221;on&#8221; font_icon=&#8221;&#x68;||divi||400&#8243; icon_color=&#8221;#0e50de&#8221; _builder_version=&#8221;4.24.2&#8243; _module_preset=&#8221;default&#8221; header_font=&#8221;|||||on|||&#8221; header_text_color=&#8221;#0e50de&#8221; header_letter_spacing=&#8221;7px&#8221; body_font=&#8221;|300|||||||&#8221; global_colors_info=&#8221;{}&#8221;]<\/p>\n<p>Licenciatura y posgrado<\/p>\n<p>[\/et_pb_blurb][dipl_modal modal_id=&#8221;dipl_modal_module_9&#8243; trigger_element_type=&#8221;text&#8221; trigger_text=&#8221;Agendar una cita&#8221; modal_title=&#8221;R.&#8221; close_button_text=&#8221;Cerrar&#8221; modal_header_bg_color=&#8221;#0e50de&#8221; modal_close_icon_color=&#8221;#FFFFFF&#8221; modal_position=&#8221;bottom_right&#8221; _builder_version=&#8221;4.24.2&#8243; _module_preset=&#8221;default&#8221; modal_title_text_font=&#8221;|300|||||||&#8221; modal_title_text_text_color=&#8221;#FFFFFF&#8221; modal_body_text_font=&#8221;|300|||||||&#8221; modal_body_text_text_color=&#8221;#344a6b&#8221; modal_trigger_text_font=&#8221;|300|||||||&#8221; modal_trigger_text_text_color=&#8221;#0e50de&#8221; custom_close_button=&#8221;on&#8221; close_button_text_size=&#8221;13px&#8221; close_button_text_color=&#8221;#FFFFFF&#8221; close_button_bg_color=&#8221;#0e50de&#8221; close_button_border_radius=&#8221;5px&#8221; close_button_font=&#8221;|||on|||||&#8221; modal_width=&#8221;25%&#8221; global_colors_info=&#8221;{}&#8221;]<strong>\u00bfCon qu\u00e9 tutor te gustar\u00eda agendar una cita?<\/strong><br \/><a href='https:\/\/calendly.com\/lgalicia-1\/30min?back=1&#038;month=2022-07' target='_blank' rel=\"noopener\">Leonor Galicia Chavarr\u00eda<br \/><\/a><a href='https:\/\/calendly.com\/mizquierdo-3\/30min?back=1&#038;month=2022-08' target='_blank' rel=\"noopener\">Martha Lorena Izquierdo Dorantes<\/a><br \/><a href='https:\/\/calendly.com\/tutorbibliotecariogabrielmontesdeoca\/30min?back=1&#038;month=2022-08'>Gabriel Montes de Oca Aguilar<\/a> <br \/> <a href='https:\/\/calendly.com\/xflores-upn\/1hr?back=1&#038;month=2022-08&#038;date=2022-08-29'>X\u00f3chitl Flores Vargas<\/a> <br \/> <a href='https:\/\/calendly.com\/tutoria-bibliotecaria-upn\/30min?back=1&#038;month=2022-06' target='_blank' rel=\"noopener\">Sin tutor asignado<\/a>[\/dipl_modal][\/et_pb_column][et_pb_column type=&#8221;1_3&#8243; _builder_version=&#8221;4.24.2&#8243; _module_preset=&#8221;default&#8221; global_colors_info=&#8221;{}&#8221;][et_pb_blurb title=&#8221;Tutor\u00eda grupal para estudiantes&#8221; use_icon=&#8221;on&#8221; font_icon=&#8221;&#xf1b3;||fa||900&#8243; icon_color=&#8221;#0e50de&#8221; _builder_version=&#8221;4.24.2&#8243; _module_preset=&#8221;default&#8221; header_font=&#8221;|||||on|||&#8221; header_text_color=&#8221;#0e50de&#8221; header_letter_spacing=&#8221;7px&#8221; body_font=&#8221;|300|||||||&#8221; global_colors_info=&#8221;{}&#8221;]<\/p>\n<p>Licenciatura y posgrado<\/p>\n<p>[\/et_pb_blurb][dipl_modal modal_id=&#8221;dipl_modal_module_9&#8243; trigger_element_type=&#8221;text&#8221; trigger_text=&#8221;Agendar una cita&#8221; modal_title=&#8221;R.&#8221; close_button_text=&#8221;Cerrar&#8221; modal_header_bg_color=&#8221;#0e50de&#8221; modal_close_icon_color=&#8221;#FFFFFF&#8221; modal_position=&#8221;bottom_right&#8221; _builder_version=&#8221;4.24.2&#8243; _module_preset=&#8221;default&#8221; modal_title_text_font=&#8221;|300|||||||&#8221; modal_title_text_text_color=&#8221;#FFFFFF&#8221; modal_body_text_font=&#8221;|300|||||||&#8221; modal_body_text_text_color=&#8221;#344a6b&#8221; modal_trigger_text_font=&#8221;|300|||||||&#8221; modal_trigger_text_text_color=&#8221;#0e50de&#8221; custom_close_button=&#8221;on&#8221; close_button_text_size=&#8221;13px&#8221; close_button_text_color=&#8221;#FFFFFF&#8221; close_button_bg_color=&#8221;#0e50de&#8221; close_button_border_radius=&#8221;5px&#8221; close_button_font=&#8221;|||on|||||&#8221; modal_width=&#8221;25%&#8221; global_colors_info=&#8221;{}&#8221;]<strong>\u00bfCon qu\u00e9 tutor te gustar\u00eda agendar una cita?<\/strong><br \/><a href='https:\/\/calendly.com\/lgalicia-1\/30min?back=1&#038;month=2022-07' target='_blank' rel=\"noopener\">Leonor Galicia Chavarr\u00eda<br \/><\/a><a href='https:\/\/calendly.com\/mizquierdo-3\/30min?back=1&#038;month=2022-08' target='_blank' rel=\"noopener\">Martha Lorena Izquierdo Dorantes<\/a><br \/><a href='https:\/\/calendly.com\/tutorbibliotecariogabrielmontesdeoca\/30min?back=1&#038;month=2022-08'>Gabriel Montes de Oca Aguilar<\/a> <br \/> <a href='https:\/\/calendly.com\/xflores-upn\/1hr?back=1&#038;month=2022-08&#038;date=2022-08-29'>X\u00f3chitl Flores Vargas<\/a> <br \/> <a href='https:\/\/calendly.com\/tutoria-bibliotecaria-upn\/30min?back=1&#038;month=2022-06' target='_blank' rel=\"noopener\">Sin tutor asignado<\/a>[\/dipl_modal][\/et_pb_column][et_pb_column type=&#8221;1_3&#8243; _builder_version=&#8221;4.24.2&#8243; _module_preset=&#8221;default&#8221; global_colors_info=&#8221;{}&#8221;][et_pb_blurb title=&#8221;Solicitud de cursos y talleres&#8221; use_icon=&#8221;on&#8221; font_icon=&#8221;&#xe006;||divi||400&#8243; icon_color=&#8221;#0e50de&#8221; _builder_version=&#8221;4.24.2&#8243; _module_preset=&#8221;default&#8221; header_font=&#8221;|||||on|||&#8221; header_text_color=&#8221;#0e50de&#8221; header_letter_spacing=&#8221;7px&#8221; body_font=&#8221;|300|||||||&#8221; global_colors_info=&#8221;{}&#8221;][\/et_pb_blurb][dipl_modal modal_id=&#8221;dipl_modal_module_9&#8243; trigger_element_type=&#8221;text&#8221; trigger_text=&#8221;M\u00e1s informaci\u00f3n&#8221; modal_title=&#8221;R.&#8221; close_button_text=&#8221;Cerrar&#8221; modal_header_bg_color=&#8221;#0e50de&#8221; modal_close_icon_color=&#8221;#FFFFFF&#8221; modal_position=&#8221;bottom_right&#8221; _builder_version=&#8221;4.24.2&#8243; _module_preset=&#8221;default&#8221; modal_title_text_font=&#8221;|300|||||||&#8221; modal_title_text_text_color=&#8221;#FFFFFF&#8221; modal_body_text_font=&#8221;|300|||||||&#8221; modal_body_text_text_color=&#8221;#344a6b&#8221; modal_trigger_text_font=&#8221;|300|||||||&#8221; modal_trigger_text_text_color=&#8221;#0e50de&#8221; custom_close_button=&#8221;on&#8221; close_button_text_size=&#8221;13px&#8221; close_button_text_color=&#8221;#FFFFFF&#8221; close_button_bg_color=&#8221;#0e50de&#8221; close_button_border_radius=&#8221;5px&#8221; close_button_font=&#8221;|||on|||||&#8221; modal_width=&#8221;25%&#8221; global_colors_info=&#8221;{}&#8221;] <\/p>\n<p align='justify'>Dirigido a usuarias y usuarios internos. Se requiere previa solicitud con un m\u00ednimo de <strong>10 d\u00edas h\u00e1biles<\/strong>,&nbsp;indicando <strong>programa educativo<\/strong>, <strong>n\u00famero de asistentes esperado (m\u00ednimo 5)<\/strong>, <strong>nombre del solicitante<\/strong> y <strong>horario de preferencia.<\/strong><\/p>\n<p>Si prefieres un tutor bibliotecario en particular, <strong>indidicalo en la solicitud<\/strong>. <\/p>\n<p>Recibir\u00e1 confirmaci\u00f3n en un m\u00e1ximo de <strong>3 d\u00edas h\u00e1biles<\/strong> con la propuesta de fecha, hora y tutor bibliotecario, de acuerdo a la disponibilidad.&nbsp;<\/p>\n<p>Previo acuerdo, este servicio puede otorgarse a usuarios externos pertenecientes a unidades UPN de otras entidades federativas.<\/p>\n<p>[\/dipl_modal][\/et_pb_column][\/et_pb_row][\/et_pb_section][et_pb_section fb_built=&#8221;1&#8243; module_id=&#8221;infantilColecciones&#8221; _builder_version=&#8221;4.24.2&#8243; _module_preset=&#8221;default&#8221; global_colors_info=&#8221;{}&#8221;][et_pb_row _builder_version=&#8221;4.24.2&#8243; _module_preset=&#8221;default&#8221; global_colors_info=&#8221;{}&#8221;][et_pb_column type=&#8221;4_4&#8243; _builder_version=&#8221;4.24.2&#8243; _module_preset=&#8221;default&#8221; global_colors_info=&#8221;{}&#8221;][et_pb_text _builder_version=&#8221;4.24.2&#8243; _module_preset=&#8221;default&#8221; header_3_font=&#8221;|300||on|||||&#8221; header_3_text_color=&#8221;#0e50de&#8221; header_3_letter_spacing=&#8221;10px&#8221; global_colors_info=&#8221;{}&#8221;]<\/p>\n<h3>Servicios<\/h3>\n<p>[\/et_pb_text][et_pb_text _builder_version=&#8221;4.24.2&#8243; _module_preset=&#8221;default&#8221; text_font=&#8221;|300|||||||&#8221; global_colors_info=&#8221;{}&#8221;]<\/p>\n<p><strong>Horario de atenci\u00f3n:<\/strong> De manera h\u00edbrida de 8:00 a 20:00 hrs.<\/p>\n<p>[\/et_pb_text][\/et_pb_column][\/et_pb_row][et_pb_row column_structure=&#8221;1_2,1_2&#8243; _builder_version=&#8221;4.24.2&#8243; _module_preset=&#8221;default&#8221; global_colors_info=&#8221;{}&#8221;][et_pb_column type=&#8221;1_2&#8243; _builder_version=&#8221;4.24.2&#8243; _module_preset=&#8221;default&#8221; global_colors_info=&#8221;{}&#8221;][et_pb_image src=&#8221;http:\/\/biblioteca.ajusco.upn.mx\/wp-content\/uploads\/2024\/06\/08_Infantil.png&#8221; title_text=&#8221;08_Infantil&#8221; _builder_version=&#8221;4.27.5&#8243; _module_preset=&#8221;default&#8221; hover_enabled=&#8221;0&#8243; global_colors_info=&#8221;{}&#8221; sticky_enabled=&#8221;0&#8243;][\/et_pb_image][et_pb_text _builder_version=&#8221;4.24.2&#8243; _module_preset=&#8221;default&#8221; text_font=&#8221;|300|||||||&#8221; global_colors_info=&#8221;{}&#8221;]<\/p>\n<p><strong><span style=\"color: #111111; font-family: Montserrat; font-size: 14px; font-style: normal; font-variant-ligatures: normal; font-variant-caps: normal; font-weight: 400; letter-spacing: normal; orphans: 2; text-align: center; text-indent: 0px; text-transform: none; widows: 2; word-spacing: 0px; -webkit-text-stroke-width: 0px; white-space: normal; background-color: #ffffff; text-decoration-thickness: initial; text-decoration-style: initial; text-decoration-color: initial; display: inline !important; float: none;\"><strong>\u00bfDudas?<\/strong> Comun\u00edcate con Isaac Mendoza Garc\u00eda, jefe del \u00c1rea de Consulta y Servicios de Informaci\u00f3n<span>\u00a0<\/span><\/span><a href=\"mailto:consultaeinformacionbiblio@upn.mx\">consultaeinformacionbiblio@upn.mx<\/a><\/strong><\/p>\n<p>[\/et_pb_text][\/et_pb_column][et_pb_column type=&#8221;1_2&#8243; _builder_version=&#8221;4.24.2&#8243; _module_preset=&#8221;default&#8221; global_colors_info=&#8221;{}&#8221;][et_pb_text _builder_version=&#8221;4.24.2&#8243; _module_preset=&#8221;default&#8221; header_3_font=&#8221;|300||||on|||&#8221; header_3_text_color=&#8221;#0e50de&#8221; header_3_letter_spacing=&#8221;3px&#8221; global_colors_info=&#8221;{}&#8221;]<\/p>\n<h3>Tutor\u00eda individual y grupal<\/h3>\n<p>[\/et_pb_text][et_pb_text _builder_version=&#8221;4.24.2&#8243; _module_preset=&#8221;default&#8221; text_font=&#8221;|300|||||||&#8221; global_colors_info=&#8221;{}&#8221;]<\/p>\n<p>Apoyo a los estudiantes de tercera fase de la licenciatura (<strong>s\u00e9ptimo y octavo semestre<\/strong>) y desde el ingreso a los <strong>programas de posgrado<\/strong> en el desarrollo de sus proyectos de <span style=\"color: #0e50de;\"><strong>investigaci\u00f3n o titulaci\u00f3n<\/strong><\/span>.<\/p>\n<p>[\/et_pb_text][dipl_modal modal_id=&#8221;dipl_modal_module_9&#8243; trigger_element_type=&#8221;text&#8221; trigger_text=&#8221;Agendar una cita&#8221; modal_title=&#8221;R.&#8221; close_button_text=&#8221;Cerrar&#8221; modal_header_bg_color=&#8221;#0e50de&#8221; modal_close_icon_color=&#8221;#FFFFFF&#8221; modal_position=&#8221;bottom_right&#8221; _builder_version=&#8221;4.24.2&#8243; _module_preset=&#8221;default&#8221; modal_title_text_font=&#8221;|300|||||||&#8221; modal_title_text_text_color=&#8221;#FFFFFF&#8221; modal_body_text_font=&#8221;|300|||||||&#8221; modal_body_text_text_color=&#8221;#344a6b&#8221; modal_trigger_text_font=&#8221;|300|||||||&#8221; modal_trigger_text_text_color=&#8221;#0e50de&#8221; custom_close_button=&#8221;on&#8221; close_button_text_size=&#8221;13px&#8221; close_button_text_color=&#8221;#FFFFFF&#8221; close_button_bg_color=&#8221;#0e50de&#8221; close_button_border_radius=&#8221;5px&#8221; close_button_font=&#8221;|||on|||||&#8221; modal_width=&#8221;25%&#8221; global_colors_info=&#8221;{}&#8221;]<strong>\u00bfCon qu\u00e9 tutor te gustar\u00eda agendar una cita?<\/strong><br \/><a href='https:\/\/calendly.com\/lgalicia-1\/30min?back=1&#038;month=2022-07' target='_blank' rel=\"noopener\">Leonor Galicia Chavarr\u00eda<br \/><\/a><a href='https:\/\/calendly.com\/mizquierdo-3\/30min?back=1&#038;month=2022-08' target='_blank' rel=\"noopener\">Martha Lorena Izquierdo Dorantes<\/a><br \/><a href='mailto:gmontesdeoca@upn.mx'>Gabriel Montes de Oca Aguilar<\/a> <br \/> <a href='https:\/\/calendly.com\/xflores-upn\/1hr?back=1&#038;month=2022-08&#038;date=2022-08-29'>X\u00f3chitl Flores Vargas<\/a> <br \/> <a href='https:\/\/calendly.com\/tutoria-bibliotecaria-upn\/30min?back=1&#038;month=2022-06' target='_blank' rel=\"noopener\">Sin tutor asignado<\/a>[\/dipl_modal][\/et_pb_column][\/et_pb_row][et_pb_row column_structure=&#8221;1_2,1_2&#8243; _builder_version=&#8221;4.24.2&#8243; _module_preset=&#8221;default&#8221; global_colors_info=&#8221;{}&#8221;][et_pb_column type=&#8221;1_2&#8243; _builder_version=&#8221;4.24.2&#8243; _module_preset=&#8221;default&#8221; global_colors_info=&#8221;{}&#8221;][et_pb_image src=&#8221;http:\/\/biblioteca.ajusco.upn.mx\/wp-content\/uploads\/2024\/06\/08_Infantil.png&#8221; title_text=&#8221;08_Infantil&#8221; _builder_version=&#8221;4.27.5&#8243; _module_preset=&#8221;default&#8221; hover_enabled=&#8221;0&#8243; global_colors_info=&#8221;{}&#8221; sticky_enabled=&#8221;0&#8243;][\/et_pb_image][et_pb_text _builder_version=&#8221;4.24.2&#8243; _module_preset=&#8221;default&#8221; text_font=&#8221;|300|||||||&#8221; global_colors_info=&#8221;{}&#8221;]<\/p>\n<p><strong><span style=\"color: #111111; font-family: Montserrat; font-size: 14px; font-style: normal; font-variant-ligatures: normal; font-variant-caps: normal; font-weight: 400; letter-spacing: normal; orphans: 2; text-align: center; text-indent: 0px; text-transform: none; widows: 2; word-spacing: 0px; -webkit-text-stroke-width: 0px; white-space: normal; background-color: #ffffff; text-decoration-thickness: initial; text-decoration-style: initial; text-decoration-color: initial; display: inline !important; float: none;\"><strong>\u00bfDudas?<\/strong> Comun\u00edcate con Isaac Mendoza Garc\u00eda, jefe del \u00c1rea de Consulta y Servicios de Informaci\u00f3n<span>\u00a0<\/span><\/span><a href=\"mailto:consultaeinformacionbiblio@upn.mx\">consultaeinformacionbiblio@upn.mx<\/a><\/strong><\/p>\n<p>[\/et_pb_text][\/et_pb_column][et_pb_column type=&#8221;1_2&#8243; _builder_version=&#8221;4.24.2&#8243; _module_preset=&#8221;default&#8221; global_colors_info=&#8221;{}&#8221;][et_pb_text _builder_version=&#8221;4.24.2&#8243; _module_preset=&#8221;default&#8221; header_3_font=&#8221;|300||||on|||&#8221; header_3_text_color=&#8221;#0e50de&#8221; header_3_letter_spacing=&#8221;3px&#8221; global_colors_info=&#8221;{}&#8221;]<\/p>\n<h3>Cursos y talleres<\/h3>\n<p>[\/et_pb_text][et_pb_text _builder_version=&#8221;4.24.2&#8243; _module_preset=&#8221;default&#8221; text_font=&#8221;|300|||||||&#8221; global_colors_info=&#8221;{}&#8221;]<\/p>\n<p>Organizaci\u00f3n de cursos y talleres para la formaci\u00f3n de los estudiantes de tercera fase de la licenciatura (<strong>s\u00e9ptimo y octavo semestre<\/strong>) y desde el ingreso a los<strong> programas de posgrado<\/strong> acerca de:<\/p>\n<p>&nbsp;<\/p>\n<ol>\n<li style=\"list-style-type: none;\">\n<ol>\n<li>Acceso a recursos acad\u00e9micos en la red.<\/li>\n<li>Estilo de citas y referencias en APA u otros modelos de citaci\u00f3n.<\/li>\n<li>Plagio en textos acad\u00e9micos.<\/li>\n<li>Uso de gestores bibliogr\u00e1ficos.<\/li>\n<\/ol>\n<\/li>\n<\/ol>\n<p>[\/et_pb_text][dipl_modal modal_id=&#8221;dipl_modal_module_9&#8243; trigger_element_type=&#8221;text&#8221; trigger_text=&#8221;M\u00e1s informaci\u00f3n&#8221; modal_title=&#8221;R.&#8221; close_button_text=&#8221;Cerrar&#8221; modal_header_bg_color=&#8221;#0e50de&#8221; modal_close_icon_color=&#8221;#FFFFFF&#8221; modal_position=&#8221;bottom_right&#8221; _builder_version=&#8221;4.24.2&#8243; _module_preset=&#8221;default&#8221; modal_title_text_font=&#8221;|300|||||||&#8221; modal_title_text_text_color=&#8221;#FFFFFF&#8221; modal_body_text_font=&#8221;|300|||||||&#8221; modal_body_text_text_color=&#8221;#344a6b&#8221; modal_trigger_text_font=&#8221;|300|||||||&#8221; modal_trigger_text_text_color=&#8221;#0e50de&#8221; custom_close_button=&#8221;on&#8221; close_button_text_size=&#8221;13px&#8221; close_button_text_color=&#8221;#FFFFFF&#8221; close_button_bg_color=&#8221;#0e50de&#8221; close_button_border_radius=&#8221;5px&#8221; close_button_font=&#8221;|||on|||||&#8221; modal_width=&#8221;25%&#8221; global_colors_info=&#8221;{}&#8221;] <\/p>\n<p align='justify'>Dirigido a usuarias y usuarios internos. Se requiere previa solicitud con un m\u00ednimo de <strong>10 d\u00edas h\u00e1biles<\/strong>, indicando <strong>programa educativo<\/strong>, <strong>n\u00famero de asistentes esperado (m\u00ednimo 5)<\/strong>, <strong>nombre del solicitante<\/strong> y <strong>horario de preferencia.<\/strong><\/p>\n<p>Si tiene inclinaci\u00f3n en ser atendido por un tutor bibliotecario en particular, <strong>ind\u00edquelo en la solicitud<\/strong>. <\/p>\n<p>Recibir\u00e1 confirmaci\u00f3n en un m\u00e1ximo de <strong>3 d\u00edas h\u00e1biles<\/strong> con la propuesta de fecha, hora y tutor bibliotecario de acuerdo a la disponibilidad. <\/p>\n<p>Previo acuerdo. Este servicio puede otorgarse a usuarios externos pertenecientes a otras unidades de la UPN.<\/p>\n<p>[\/dipl_modal][\/et_pb_column][\/et_pb_row][et_pb_row _builder_version=&#8221;4.24.2&#8243; _module_preset=&#8221;default&#8221; global_colors_info=&#8221;{}&#8221;][et_pb_column type=&#8221;4_4&#8243; _builder_version=&#8221;4.24.2&#8243; _module_preset=&#8221;default&#8221; global_colors_info=&#8221;{}&#8221;][et_pb_text _builder_version=&#8221;4.24.2&#8243; _module_preset=&#8221;default&#8221; header_3_font=&#8221;|300||on|||||&#8221; header_3_text_color=&#8221;#0e50de&#8221; header_3_letter_spacing=&#8221;10px&#8221; global_colors_info=&#8221;{}&#8221;]<\/p>\n<h3>Tutoras y Tutores Bibliotecarios<\/h3>\n<p>[\/et_pb_text][et_pb_text _builder_version=&#8221;4.24.2&#8243; _module_preset=&#8221;default&#8221; text_font=&#8221;|300|||||||&#8221; global_colors_info=&#8221;{}&#8221;]<\/p>\n<p><strong>Conmutador:<\/strong> 5630-9700 Ext. 1459<\/p>\n<p>[\/et_pb_text][dipl_team_grid posts_number=&#8221;5&#8243; include_categories=&#8221;7&#8243; select_layout=&#8221;layout4&#8243; social_icon_color=&#8221;#062244&#8243; _builder_version=&#8221;4.27.5&#8243; _module_preset=&#8221;default&#8221; name_font=&#8221;|||||on|||&#8221; name_text_color=&#8221;#0e50de&#8221; hover_enabled=&#8221;0&#8243; global_colors_info=&#8221;{}&#8221; sticky_enabled=&#8221;0&#8243;][\/dipl_team_grid][\/et_pb_column][\/et_pb_row][\/et_pb_section]<\/p>\n","protected":false},"excerpt":{"rendered":"<p>Tutor\u00eda bibliotecariaOrientar, apoyar y acompa\u00f1ar, de manera continua y personalizada, a los estudiantes de la UPN durante la elaboraci\u00f3n de sus trabajos acad\u00e9micos y de investigaci\u00f3n.Tal vez quieras consultar: Objetivo | Servicios | Tutoras y tutores bibliotecariosObjetivoAcompa\u00f1ar a los estudiantes de tercera fase de licenciatura (s\u00e9ptimo y octavo semestre) y de posgrado durante la elaboraci\u00f3n [&hellip;]<\/p>\n","protected":false},"author":1,"featured_media":0,"parent":0,"menu_order":0,"comment_status":"closed","ping_status":"closed","template":"","meta":{"_et_pb_use_builder":"on","_et_pb_old_content":"","_et_gb_content_width":"","footnotes":""},"class_list":["post-4961","page","type-page","status-publish","hentry"],"_links":{"self":[{"href":"http:\/\/biblioteca.ajusco.upn.mx\/index.php\/wp-json\/wp\/v2\/pages\/4961","targetHints":{"allow":["GET"]}}],"collection":[{"href":"http:\/\/biblioteca.ajusco.upn.mx\/index.php\/wp-json\/wp\/v2\/pages"}],"about":[{"href":"http:\/\/biblioteca.ajusco.upn.mx\/index.php\/wp-json\/wp\/v2\/types\/page"}],"author":[{"embeddable":true,"href":"http:\/\/biblioteca.ajusco.upn.mx\/index.php\/wp-json\/wp\/v2\/users\/1"}],"replies":[{"embeddable":true,"href":"http:\/\/biblioteca.ajusco.upn.mx\/index.php\/wp-json\/wp\/v2\/comments?post=4961"}],"version-history":[{"count":1,"href":"http:\/\/biblioteca.ajusco.upn.mx\/index.php\/wp-json\/wp\/v2\/pages\/4961\/revisions"}],"predecessor-version":[{"id":5621,"href":"http:\/\/biblioteca.ajusco.upn.mx\/index.php\/wp-json\/wp\/v2\/pages\/4961\/revisions\/5621"}],"wp:attachment":[{"href":"http:\/\/biblioteca.ajusco.upn.mx\/index.php\/wp-json\/wp\/v2\/media?parent=4961"}],"curies":[{"name":"wp","href":"https:\/\/api.w.org\/{rel}","templated":true}]}}